{"id":53,"date":"2020-07-04T11:39:03","date_gmt":"2020-07-04T11:39:03","guid":{"rendered":"http:\/\/www.maalausmetsanen.fi\/?page_id=53"},"modified":"2020-07-11T11:24:42","modified_gmt":"2020-07-11T11:24:42","slug":"ota-yhteytta","status":"publish","type":"page","link":"http:\/\/www.maalausmetsanen.fi\/?page_id=53","title":{"rendered":"Ota yhteytt\u00e4"},"content":{"rendered":"<div class=\"wpforms-container wpforms-container-full\" id=\"wpforms-60\"><form id=\"wpforms-form-60\" class=\"wpforms-validate wpforms-form\" data-formid=\"60\" method=\"post\" enctype=\"multipart\/form-data\" action=\"\/index.php?rest_route=%2Fwp%2Fv2%2Fpages%2F53\" data-token=\"548bcf55d58e78a643fb5cb2ddefc716\"><noscript class=\"wpforms-error-noscript\">Please enable JavaScript in your browser to complete this form.<\/noscript><div class=\"wpforms-field-container\"><div id=\"wpforms-60-field_0-container\" class=\"wpforms-field wpforms-field-name\" data-field-id=\"0\"><label class=\"wpforms-field-label\" for=\"wpforms-60-field_0\">Nimi <span class=\"wpforms-required-label\">*<\/span><\/label><input type=\"text\" id=\"wpforms-60-field_0\" class=\"wpforms-field-medium wpforms-field-required\" name=\"wpforms[fields][0]\" required><\/div><div id=\"wpforms-60-field_1-container\" class=\"wpforms-field wpforms-field-email\" data-field-id=\"1\"><label class=\"wpforms-field-label\" for=\"wpforms-60-field_1\">Email<\/label><input type=\"email\" id=\"wpforms-60-field_1\" class=\"wpforms-field-medium\" name=\"wpforms[fields][1]\" ><\/div><div id=\"wpforms-60-field_4-container\" class=\"wpforms-field wpforms-field-text\" data-field-id=\"4\"><label class=\"wpforms-field-label\" for=\"wpforms-60-field_4\">Puhelinnumero <span class=\"wpforms-required-label\">*<\/span><\/label><input type=\"text\" id=\"wpforms-60-field_4\" class=\"wpforms-field-medium wpforms-field-required\" name=\"wpforms[fields][4]\" required><\/div><div id=\"wpforms-60-field_2-container\" class=\"wpforms-field wpforms-field-textarea\" data-field-id=\"2\"><label class=\"wpforms-field-label\" for=\"wpforms-60-field_2\">Lis\u00e4tietoja<\/label><textarea id=\"wpforms-60-field_2\" class=\"wpforms-field-medium\" name=\"wpforms[fields][2]\" ><\/textarea><\/div><\/div><div class=\"wpforms-field wpforms-field-hp\"><label for=\"wpforms-60-field-hp\" class=\"wpforms-field-label\">Email<\/label><input type=\"text\" name=\"wpforms[hp]\" id=\"wpforms-60-field-hp\" class=\"wpforms-field-medium\"><\/div><div class=\"wpforms-submit-container\"><input type=\"hidden\" name=\"wpforms[id]\" value=\"60\"><input type=\"hidden\" name=\"wpforms[author]\" value=\"1\"><button type=\"submit\" name=\"wpforms[submit]\" id=\"wpforms-submit-60\" class=\"wpforms-submit\" data-alt-text=\"L\u00e4hetet\u00e4\u00e4n\" data-submit-text=\"L\u00e4het\u00e4\" aria-live=\"assertive\" value=\"wpforms-submit\">L\u00e4het\u00e4<\/button><\/div><\/form><\/div>  <!-- .wpforms-container -->","protected":false},"excerpt":{"rendered":"","protected":false},"author":1,"featured_media":0,"parent":0,"menu_order":0,"comment_status":"closed","ping_status":"closed","template":"","meta":{"ngg_post_thumbnail":0},"_links":{"self":[{"href":"http:\/\/www.maalausmetsanen.fi\/index.php?rest_route=\/wp\/v2\/pages\/53"}],"collection":[{"href":"http:\/\/www.maalausmetsanen.fi\/index.php?rest_route=\/wp\/v2\/pages"}],"about":[{"href":"http:\/\/www.maalausmetsanen.fi\/index.php?rest_route=\/wp\/v2\/types\/page"}],"author":[{"embeddable":true,"href":"http:\/\/www.maalausmetsanen.fi\/index.php?rest_route=\/wp\/v2\/users\/1"}],"replies":[{"embeddable":true,"href":"http:\/\/www.maalausmetsanen.fi\/index.php?rest_route=%2Fwp%2Fv2%2Fcomments&post=53"}],"version-history":[{"count":2,"href":"http:\/\/www.maalausmetsanen.fi\/index.php?rest_route=\/wp\/v2\/pages\/53\/revisions"}],"predecessor-version":[{"id":61,"href":"http:\/\/www.maalausmetsanen.fi\/index.php?rest_route=\/wp\/v2\/pages\/53\/revisions\/61"}],"wp:attachment":[{"href":"http:\/\/www.maalausmetsanen.fi\/index.php?rest_route=%2Fwp%2Fv2%2Fmedia&parent=53"}],"curies":[{"name":"wp","href":"https:\/\/api.w.org\/{rel}","templated":true}]}}