{"id":44,"date":"2020-06-25T15:16:58","date_gmt":"2020-06-25T15:16:58","guid":{"rendered":"http:\/\/www.maalausmetsanen.fi\/?page_id=44"},"modified":"2020-07-13T12:14:11","modified_gmt":"2020-07-13T12:14:11","slug":"index","status":"publish","type":"page","link":"http:\/\/www.maalausmetsanen.fi\/","title":{"rendered":"Etusivu"},"content":{"rendered":"\n<p><strong>Palveluihin kuuluu mm.<\/strong><\/p>\n\n\n\n<ul><li>Sis\u00e4- ja ulkomaalaukset<\/li><li>Kalustemaalaukset<\/li><li>Tapetointity\u00f6t<\/li><li>Seinien levytysty\u00f6t tasoituksineen<\/li><li>Pienet laatoitusty\u00f6t (V\u00e4litilat, WC-tilat yms.)<\/li><li>Eri lattiamateriaalien asennukset<\/li><\/ul>\n\n\n\n<p>Maalausliike Mets\u00e4nen on erikoistunut mattoasennuksiin, my\u00f6s m\u00e4rk\u00e4tiloissa ja julkisissa tiloissa.<\/p>\n\n\n\n<p>Olipa kyseess\u00e4 pieni tai iso ty\u00f6, taikka vasta suunnitteluvaihe, ota yhteytt\u00e4 niin katsotaan paras ratkaisu teid\u00e4n kohteellenne.<\/p>\n\n\n\n<div class=\"wp-block-buttons\">\n<div class=\"wp-block-button is-style-outline\"><a class=\"wp-block-button__link has-text-color no-border-radius\" href=\"http:\/\/www.maalausmetsanen.fi\/?page_id=53\" style=\"color:#111111\">Ota yhteytt\u00e4<\/a><\/div>\n<\/div>\n","protected":false},"excerpt":{"rendered":"<p>Palveluihin kuuluu mm. Sis\u00e4- ja ulkomaalaukset Kalustemaalaukset Tapetointity\u00f6t Seinien levytysty\u00f6t tasoituksineen Pienet laatoitusty\u00f6t (V\u00e4litilat, WC-tilat yms.) Eri lattiamateriaalien asennukset Maalausliike Mets\u00e4nen on erikoistunut mattoasennuksiin, my\u00f6s m\u00e4rk\u00e4tiloissa ja julkisissa tiloissa. Olipa kyseess\u00e4 pieni tai iso ty\u00f6, taikka vasta suunnitteluvaihe, ota yhteytt\u00e4 niin katsotaan paras ratkaisu teid\u00e4n kohteellenne.<\/p>\n","protected":false},"author":1,"featured_media":0,"parent":0,"menu_order":0,"comment_status":"closed","ping_status":"closed","template":"","meta":{"ngg_post_thumbnail":0},"_links":{"self":[{"href":"http:\/\/www.maalausmetsanen.fi\/index.php?rest_route=\/wp\/v2\/pages\/44"}],"collection":[{"href":"http:\/\/www.maalausmetsanen.fi\/index.php?rest_route=\/wp\/v2\/pages"}],"about":[{"href":"http:\/\/www.maalausmetsanen.fi\/index.php?rest_route=\/wp\/v2\/types\/page"}],"author":[{"embeddable":true,"href":"http:\/\/www.maalausmetsanen.fi\/index.php?rest_route=\/wp\/v2\/users\/1"}],"replies":[{"embeddable":true,"href":"http:\/\/www.maalausmetsanen.fi\/index.php?rest_route=%2Fwp%2Fv2%2Fcomments&post=44"}],"version-history":[{"count":11,"href":"http:\/\/www.maalausmetsanen.fi\/index.php?rest_route=\/wp\/v2\/pages\/44\/revisions"}],"predecessor-version":[{"id":127,"href":"http:\/\/www.maalausmetsanen.fi\/index.php?rest_route=\/wp\/v2\/pages\/44\/revisions\/127"}],"wp:attachment":[{"href":"http:\/\/www.maalausmetsanen.fi\/index.php?rest_route=%2Fwp%2Fv2%2Fmedia&parent=44"}],"curies":[{"name":"wp","href":"https:\/\/api.w.org\/{rel}","templated":true}]}}